{"id":89,"date":"2019-04-18T12:19:21","date_gmt":"2019-04-18T12:19:21","guid":{"rendered":"https:\/\/versus-ls.com\/?page_id=89"},"modified":"2019-04-27T21:58:51","modified_gmt":"2019-04-27T19:58:51","slug":"cookie-hinweis","status":"publish","type":"page","link":"https:\/\/versus-ls.com\/de\/kontakt\/cookie-hinweis\/","title":{"rendered":"Cookie Hinweis"},"content":{"rendered":"<h1>Cookie Hinweis<\/h1>\n<div>\n<h4>Verwendung von Cookies auf den Webseiten der Versus Language Solutions GmbH<\/h4>\n<p>Diese Dokument erkl\u00e4rt, was Cookies sind und welche verschiedenen Arten von Cookies Versus Language Solutions GmbH auf ihrer Website einsetzt.<\/p>\n<h5>Was sind Cookies?<\/h5>\n<p>Ein Cookie ist eine Textdatei, die eine Website an das mit dem Internet verbundene Ger\u00e4t eines Besuchers der Webseite sendet. Der Cookie identifiziert dabei den Browser des Besuchers oder speichert Informationen oder Einstellungen im Browser des Besuches ab.<\/p>\n<h5>Verwendet die Versus Language Solutions GmbH Cookies auf ihren Webseiten?<\/h5>\n<p>Versus Language Solutions GmbH verwendet Cookies auf ihrer Webseite, um die Webseiten Nutzerfreundlicher gestalten zu k\u00f6nnen und um unseren Benutzern bestimmte Dienste und Funktionen bereitzustellen zu k\u00f6nnen. Sie als Besucher unserer Webseiten k\u00f6nnen die Verwendung von Cookies durch Ihren Browser einschr\u00e4nken lassen oder sogar ganz deaktivieren. Es stehen Ihnen jedoch m\u00f6glicherweise ohne den Cookie Zugriff auf Ihr System nicht alle Funktionen unserer Webseiten zur Verf\u00fcgung.<\/p>\n<h4>Welche Arten von Cookies werden auf den Webseiten von Versus Language Solutions GmbH verwendet?<\/h4>\n<h5>Unbedingt erforderliche Cookies<\/h5>\n<p>Diese Cookies sind unerl\u00e4sslich, um eine von Ihnen initiierte Aktion oder Anfrage \u00fcber unserer Webseite durchzuf\u00fchren zu k\u00f6nnen. Sie sind erforderlich, um Informationen zu speichern, die Sie w\u00e4hrend Ihres Besuchs auf unseren Webseiten bereitstellen.<\/p>\n<h5>Funktionelle Cookies<\/h5>\n<p>Diese Cookies erlauben es unseren Webseiten, z. B. sich an von Ihnen getroffene Auswahlen zu erinnern. Dank funktionellen Cookies kann sich die Website beispielsweise an bestimmte von Ihnen gew\u00e4hlte Einstellungen erinnern.<\/p>\n<h5>Analytische Cookies<\/h5>\n<p>Diese Cookies erm\u00f6glichen es uns, Daten in Bezug auf Ihre Nutzung unserer Webseiten zu sammeln. Diese Cookies k\u00f6nnen durch Drittanbieter wie z. B. Google bereitgestellt werden; sie werden aber nur f\u00fcr Zwecke in Zusammenhang mit unseren eigenen Webseiten verwendet.<\/p>\n<h5>Wie kann ich Cookies deaktivieren oder entfernen?<\/h5>\n<p>Jeder Webbrowser bietet M\u00f6glichkeiten, um Cookies einzuschr\u00e4nken und zu l\u00f6schen. F\u00fcr weitere Informationen dazu, wie Sie Cookies verwalten k\u00f6nnen, klicken Sie unten auf den entsprechenden Link.<\/p>\n<ul>\n<li><a href=\"https:\/\/support.microsoft.com\/de-de\/help\/17442\/windows-internet-explorer-delete-manage-cookies#ie=ie-11\" target=\"_blank\" rel=\"noopener\">Internet Explorer<\/a><\/li>\n<li><a href=\"https:\/\/support.mozilla.org\/de\/kb\/cookies-informationen-websites-auf-ihrem-computer?redirectlocale=en-US&amp;redirectslug=Cookies\" target=\"_blank\" rel=\"noopener\">Firefox<\/a><\/li>\n<li><a href=\"https:\/\/support.google.com\/chrome\/answer\/95647?hl=de\" target=\"_blank\" rel=\"noopener\">Google Chrome<\/a><\/li>\n<li><a href=\"http:\/\/help.opera.com\/Linux\/9.01\/de\/cookies.html\" target=\"_blank\" rel=\"noopener\">Opera<\/a><\/li>\n<li><a href=\"https:\/\/support.apple.com\/kb\/PH19214?locale=de_DE\" target=\"_blank\" rel=\"noopener\">Safari<\/a><\/li>\n<\/ul>\n<h4>Server-Log-Dateien<\/h4>\n<p>Der Provider der Seiten erhebt und speichert automatisch Informationen in so genannten Server-Log-Dateien, die Ihr Browser automatisch an uns \u00fcbermittelt. Dies sind:<\/p>\n<ul>\n<li>Browsertyp und Browserversion<\/li>\n<li>verwendetes Betriebssystem<\/li>\n<li>Referrer URL<\/li>\n<li>Hostname des zugreifenden Rechners<\/li>\n<li>Uhrzeit der Serveranfrage<\/li>\n<li>IP-Adresse<\/li>\n<\/ul>\n<p>Die maximale Speicherzeit f\u00fcr diese Daten sind 48 Stunden. Eine Zusammenf\u00fchrung dieser Daten mit anderen Datenquellen wird nicht vorgenommen. Grundlage f\u00fcr die Datenverarbeitung ist Art. 6 Abs. 1 lit. b DSGVO, der die Verarbeitung von Daten zur Erf\u00fcllung eines Vertrags oder vorvertraglicher Ma\u00dfnahmen gestattet.<\/p><\/div>\n<ul>\n<li>\n        <a href=\"tel:+4962211874954\">+49 6221 1874954<\/a>\n    <\/li>\n<li>\n        <a href=\"mailto:versus@versus-ls.com\">versus@versus-ls.com<\/a>\n    <\/li>\n<\/ul>\n<p><!-- {\"name\":\"Imprint\",\"type\":\"layout\",\"children\":[{\"name\":\"Hero\",\"type\":\"section\",\"props\":{\"style\":\"default\",\"width\":\"\",\"vertical_align\":\"middle\",\"title_position\":\"center-left\",\"title_rotation\":\"left\",\"title_breakpoint\":\"l\",\"image_position\":\"center-center\",\"height\":\"\",\"padding\":\"none\",\"header_transparent\":\"\",\"animation\":\"\",\"title\":\"\",\"image_effect\":\"\",\"text_color\":\"\",\"width_expand\":\"\"},\"children\":[{\"name\":\"\",\"type\":\"row\",\"props\":{\"fixed_width\":\"large\",\"breakpoint\":\"m\",\"layout\":\",2-3\",\"gutter\":\"\",\"width\":\"\",\"margin\":\"\",\"vertical_align\":\"middle\",\"height\":\"full\",\"width_expand\":\"\"},\"children\":[{\"name\":\"\",\"type\":\"column\",\"props\":{\"widths\":[\"\"],\"image_position\":\"center-left\",\"style\":\"\",\"text_color\":\"\",\"padding\":\"xlarge\",\"image\":\"wp-content\\\/uploads\\\/2019\\\/04\\\/VersusLanguageSolutions_Meeting_Legals-matt.jpg\",\"vertical_align\":\"middle\",\"image_size\":\"\",\"image_effect\":\"fixed\",\"image_visibility\":\"\",\"media_blend_mode\":\"\",\"media_overlay_gradient\":\"\",\"image_parallax_breakpoint\":\"\"}},{\"name\":\"\",\"type\":\"column\",\"props\":{\"widths\":[\"2-3\"],\"image_position\":\"center-center\",\"style\":\"default\",\"text_color\":\"\",\"padding\":\"small\",\"vertical_align\":\"middle\",\"media_overlay_gradient\":\"\"},\"children\":[{\"name\":\"\",\"type\":\"headline\",\"props\":{\"title_element\":\"h1\",\"title_style\":\"h2\",\"title_decoration\":\"\",\"title_color\":\"\",\"text_align\":\"left\",\"text_align_breakpoint\":\"s\",\"text_align_fallback\":\"center\",\"maxwidth\":\"\",\"maxwidth_align\":\"center\",\"maxwidth_breakpoint\":\"\",\"margin\":\"\",\"animation\":\"\",\"visibility\":\"\",\"content\":\"Cookie Hinweis\"}},{\"name\":\"\",\"type\":\"text\",\"props\":{\"margin\":\"large\",\"column_breakpoint\":\"m\",\"text_style\":\"\",\"text_color\":\"\",\"text_size\":\"\",\"column\":\"\",\"text_align\":\"left\",\"text_align_breakpoint\":\"s\",\"text_align_fallback\":\"center\",\"maxwidth\":\"xlarge\",\"maxwidth_align\":\"\",\"maxwidth_breakpoint\":\"\",\"animation\":\"\",\"visibility\":\"\",\"content\":\"\n\n<h4>Verwendung von Cookies auf den Webseiten der Versus Language Solutions GmbH<\\\/h4>\\nDiese Dokument erkl\\u00e4rt, was Cookies sind und welche verschiedenen Arten von Cookies Versus Language Solutions GmbH auf ihrer Website einsetzt.\\n\n\n<h5>Was sind Cookies?<\\\/h5>\\nEin Cookie ist eine Textdatei, die eine Website an das mit dem Internet verbundene Ger\\u00e4t eines Besuchers der Webseite sendet. Der Cookie identifiziert dabei den Browser des Besuchers oder speichert Informationen oder Einstellungen im Browser des Besuches ab.\\n\n\n<h5>Verwendet die Versus Language Solutions GmbH Cookies auf ihren Webseiten?<\\\/h5>\\nVersus Language Solutions GmbH verwendet Cookies auf ihrer Webseite, um die Webseiten Nutzerfreundlicher gestalten zu k\\u00f6nnen und um unseren Benutzern bestimmte Dienste und Funktionen bereitzustellen zu k\\u00f6nnen. Sie als Besucher unserer Webseiten k\\u00f6nnen die Verwendung von Cookies durch Ihren Browser einschr\\u00e4nken lassen oder sogar ganz deaktivieren. Es stehen Ihnen jedoch m\\u00f6glicherweise ohne den Cookie Zugriff auf Ihr System nicht alle Funktionen unserer Webseiten zur Verf\\u00fcgung.\\n\n\n<h4>Welche Arten von Cookies werden auf den Webseiten von Versus Language Solutions GmbH verwendet?<\\\/h4>\\n\n\n<h5>Unbedingt erforderliche Cookies<\\\/h5>\\nDiese Cookies sind unerl\\u00e4sslich, um eine von Ihnen initiierte Aktion oder Anfrage \\u00fcber unserer Webseite durchzuf\\u00fchren zu k\\u00f6nnen. Sie sind erforderlich, um Informationen zu speichern, die Sie w\\u00e4hrend Ihres Besuchs auf unseren Webseiten bereitstellen.\n\n<h5>Funktionelle Cookies<\\\/h5>\\nDiese Cookies erlauben es unseren Webseiten, z. B. sich an von Ihnen getroffene Auswahlen zu erinnern. Dank funktionellen Cookies kann sich die Website beispielsweise an bestimmte von Ihnen gew\\u00e4hlte Einstellungen erinnern.\n\n<h5>Analytische Cookies<\\\/h5>\\nDiese Cookies erm\\u00f6glichen es uns, Daten in Bezug auf Ihre Nutzung unserer Webseiten zu sammeln. Diese Cookies k\\u00f6nnen durch Drittanbieter wie z. B. Google bereitgestellt werden; sie werden aber nur f\\u00fcr Zwecke in Zusammenhang mit unseren eigenen Webseiten verwendet.\\n\n\n<h5>Wie kann ich Cookies deaktivieren oder entfernen?<\\\/h5>\\nJeder Webbrowser bietet M\\u00f6glichkeiten, um Cookies einzuschr\\u00e4nken und zu l\\u00f6schen. F\\u00fcr weitere Informationen dazu, wie Sie Cookies verwalten k\\u00f6nnen, klicken Sie unten auf den entsprechenden Link.\\n\n\n<ul>\\n    \n\n<li><a href=\\\"https:\\\/\\\/support.microsoft.com\\\/de-de\\\/help\\\/17442\\\/windows-internet-explorer-delete-manage-cookies#ie=ie-11\\\" target=\\\"_blank\\\" rel=\\\"noopener\\\">Internet Explorer<\\\/a><\\\/li>\\n    \n\n<li><a href=\\\"https:\\\/\\\/support.mozilla.org\\\/de\\\/kb\\\/cookies-informationen-websites-auf-ihrem-computer?redirectlocale=en-US&amp;redirectslug=Cookies\\\" target=\\\"_blank\\\" rel=\\\"noopener\\\">Firefox<\\\/a><\\\/li>\\n    \n\n<li><a href=\\\"https:\\\/\\\/support.google.com\\\/chrome\\\/answer\\\/95647?hl=de\\\" target=\\\"_blank\\\" rel=\\\"noopener\\\">Google Chrome<\\\/a><\\\/li>\\n    \n\n<li><a href=\\\"http:\\\/\\\/help.opera.com\\\/Linux\\\/9.01\\\/de\\\/cookies.html\\\" target=\\\"_blank\\\" rel=\\\"noopener\\\">Opera<\\\/a><\\\/li>\\n    \n\n<li><a href=\\\"https:\\\/\\\/support.apple.com\\\/kb\\\/PH19214?locale=de_DE\\\" target=\\\"_blank\\\" rel=\\\"noopener\\\">Safari<\\\/a><\\\/li>\\n<\\\/ul>\\n\n\n<h4>Server-Log-Dateien<\\\/h4>\\nDer Provider der Seiten erhebt und speichert automatisch Informationen in so genannten Server-Log-Dateien, die Ihr Browser automatisch an uns \\u00fcbermittelt. Dies sind:\\n\n\n<ul>\\n    \n\n<li>Browsertyp und Browserversion<\\\/li>\\n    \n\n<li>verwendetes Betriebssystem<\\\/li>\\n    \n\n<li>Referrer URL<\\\/li>\\n    \n\n<li>Hostname des zugreifenden Rechners<\\\/li>\\n    \n\n<li>Uhrzeit der Serveranfrage<\\\/li>\\n    \n\n<li>IP-Adresse<\\\/li>\\n<\\\/ul>\\nDie maximale Speicherzeit f\\u00fcr diese Daten sind 48 Stunden. Eine Zusammenf\\u00fchrung dieser Daten mit anderen Datenquellen wird nicht vorgenommen. Grundlage f\\u00fcr die Datenverarbeitung ist Art. 6 Abs. 1 lit. b DSGVO, der die Verarbeitung von Daten zur Erf\\u00fcllung eines Vertrags oder vorvertraglicher Ma\\u00dfnahmen gestattet.\",\"margin_remove_top\":true}},{\"name\":\"\",\"type\":\"button\",\"props\":{\"gutter\":\"\",\"margin\":\"large\",\"button_size\":\"\",\"text_align\":\"left\",\"text_align_breakpoint\":\"s\",\"text_align_fallback\":\"center\",\"maxwidth\":\"xlarge\",\"maxwidth_align\":\"\",\"maxwidth_breakpoint\":\"\",\"animation\":\"\",\"visibility\":\"\",\"fullwidth\":false},\"children\":[{\"name\":\"\",\"type\":\"button_item\",\"props\":{\"button_style\":\"\",\"icon_align\":\"left\",\"link_target\":\"\",\"content\":\"+49 6221 1874954\",\"link\":\"tel:+4962211874954\"}},{\"name\":\"\",\"type\":\"button_item\",\"props\":{\"button_style\":\"\",\"icon_align\":\"left\",\"link_target\":\"\",\"content\":\"versus@versus-ls.com\",\"link\":\"mailto:versus@versus-ls.com\"}}]}]}]}]}],\"version\":\"1.19.2\",\"props\":[]} --><\/p>\n","protected":false},"excerpt":{"rendered":"<p>Cookie Hinweis Verwendung von Cookies auf den Webseiten der Versus Language Solutions GmbH Diese Dokument erkl\u00e4rt, was Cookies sind und welche verschiedenen Arten von Cookies Versus Language Solutions GmbH auf ihrer Website einsetzt. Was sind Cookies? Ein Cookie ist eine Textdatei, die eine Website an das mit dem Internet verbundene Ger\u00e4t eines Besuchers der Webseite [&hellip;]<\/p>\n","protected":false},"author":1,"featured_media":0,"parent":65,"menu_order":0,"comment_status":"closed","ping_status":"closed","template":"","meta":{"footnotes":""},"class_list":["post-89","page","type-page","status-publish","hentry"],"yoast_head":"<!-- This site is optimized with the Yoast SEO plugin v26.5 - https:\/\/yoast.com\/wordpress\/plugins\/seo\/ -->\n<title>Cookie Hinweis - Versus Language Solutions GmbH<\/title>\n<meta name=\"robots\" content=\"noindex, follow, max-snippet:-1, max-image-preview:large, max-video-preview:-1\" \/>\n<meta property=\"og:locale\" content=\"de_DE\" \/>\n<meta property=\"og:type\" content=\"article\" \/>\n<meta property=\"og:title\" content=\"Cookie Hinweis - Versus Language Solutions GmbH\" \/>\n<meta property=\"og:description\" content=\"Cookie Hinweis Verwendung von Cookies auf den Webseiten der Versus Language Solutions GmbH Diese Dokument erkl\u00e4rt, was Cookies sind und welche verschiedenen Arten von Cookies Versus Language Solutions GmbH auf ihrer Website einsetzt. Was sind Cookies? Ein Cookie ist eine Textdatei, die eine Website an das mit dem Internet verbundene Ger\u00e4t eines Besuchers der Webseite [&hellip;]\" \/>\n<meta property=\"og:url\" content=\"https:\/\/versus-ls.com\/de\/kontakt\/cookie-hinweis\/\" \/>\n<meta property=\"og:site_name\" content=\"Versus Language Solutions GmbH\" \/>\n<meta property=\"article:modified_time\" content=\"2019-04-27T19:58:51+00:00\" \/>\n<meta name=\"twitter:card\" content=\"summary_large_image\" \/>\n<meta name=\"twitter:label1\" content=\"Gesch\u00e4tzte Lesezeit\" \/>\n\t<meta name=\"twitter:data1\" content=\"2\u00a0Minuten\" \/>\n<script type=\"application\/ld+json\" class=\"yoast-schema-graph\">{\"@context\":\"https:\/\/schema.org\",\"@graph\":[{\"@type\":\"WebPage\",\"@id\":\"https:\/\/versus-ls.com\/de\/kontakt\/cookie-hinweis\/\",\"url\":\"https:\/\/versus-ls.com\/de\/kontakt\/cookie-hinweis\/\",\"name\":\"Cookie Hinweis - Versus Language Solutions GmbH\",\"isPartOf\":{\"@id\":\"https:\/\/versus-ls.com\/de\/#website\"},\"datePublished\":\"2019-04-18T12:19:21+00:00\",\"dateModified\":\"2019-04-27T19:58:51+00:00\",\"breadcrumb\":{\"@id\":\"https:\/\/versus-ls.com\/de\/kontakt\/cookie-hinweis\/#breadcrumb\"},\"inLanguage\":\"de\",\"potentialAction\":[{\"@type\":\"ReadAction\",\"target\":[\"https:\/\/versus-ls.com\/de\/kontakt\/cookie-hinweis\/\"]}]},{\"@type\":\"BreadcrumbList\",\"@id\":\"https:\/\/versus-ls.com\/de\/kontakt\/cookie-hinweis\/#breadcrumb\",\"itemListElement\":[{\"@type\":\"ListItem\",\"position\":1,\"name\":\"Home\",\"item\":\"https:\/\/versus-ls.com\/de\/\"},{\"@type\":\"ListItem\",\"position\":2,\"name\":\"Kontakt\",\"item\":\"https:\/\/versus-ls.com\/de\/kontakt\/\"},{\"@type\":\"ListItem\",\"position\":3,\"name\":\"Cookie Hinweis\"}]},{\"@type\":\"WebSite\",\"@id\":\"https:\/\/versus-ls.com\/de\/#website\",\"url\":\"https:\/\/versus-ls.com\/de\/\",\"name\":\"Versus Language Solutions GmbH\",\"description\":\"Agentur f\u00fcr Dolmetschdienstleistungen aus einer Hand\",\"potentialAction\":[{\"@type\":\"SearchAction\",\"target\":{\"@type\":\"EntryPoint\",\"urlTemplate\":\"https:\/\/versus-ls.com\/de\/?s={search_term_string}\"},\"query-input\":{\"@type\":\"PropertyValueSpecification\",\"valueRequired\":true,\"valueName\":\"search_term_string\"}}],\"inLanguage\":\"de\"}]}<\/script>\n<!-- \/ Yoast SEO plugin. -->","yoast_head_json":{"title":"Cookie Hinweis - Versus Language Solutions GmbH","robots":{"index":"noindex","follow":"follow","max-snippet":"max-snippet:-1","max-image-preview":"max-image-preview:large","max-video-preview":"max-video-preview:-1"},"og_locale":"de_DE","og_type":"article","og_title":"Cookie Hinweis - Versus Language Solutions GmbH","og_description":"Cookie Hinweis Verwendung von Cookies auf den Webseiten der Versus Language Solutions GmbH Diese Dokument erkl\u00e4rt, was Cookies sind und welche verschiedenen Arten von Cookies Versus Language Solutions GmbH auf ihrer Website einsetzt. Was sind Cookies? Ein Cookie ist eine Textdatei, die eine Website an das mit dem Internet verbundene Ger\u00e4t eines Besuchers der Webseite [&hellip;]","og_url":"https:\/\/versus-ls.com\/de\/kontakt\/cookie-hinweis\/","og_site_name":"Versus Language Solutions GmbH","article_modified_time":"2019-04-27T19:58:51+00:00","twitter_card":"summary_large_image","twitter_misc":{"Gesch\u00e4tzte Lesezeit":"2\u00a0Minuten"},"schema":{"@context":"https:\/\/schema.org","@graph":[{"@type":"WebPage","@id":"https:\/\/versus-ls.com\/de\/kontakt\/cookie-hinweis\/","url":"https:\/\/versus-ls.com\/de\/kontakt\/cookie-hinweis\/","name":"Cookie Hinweis - Versus Language Solutions GmbH","isPartOf":{"@id":"https:\/\/versus-ls.com\/de\/#website"},"datePublished":"2019-04-18T12:19:21+00:00","dateModified":"2019-04-27T19:58:51+00:00","breadcrumb":{"@id":"https:\/\/versus-ls.com\/de\/kontakt\/cookie-hinweis\/#breadcrumb"},"inLanguage":"de","potentialAction":[{"@type":"ReadAction","target":["https:\/\/versus-ls.com\/de\/kontakt\/cookie-hinweis\/"]}]},{"@type":"BreadcrumbList","@id":"https:\/\/versus-ls.com\/de\/kontakt\/cookie-hinweis\/#breadcrumb","itemListElement":[{"@type":"ListItem","position":1,"name":"Home","item":"https:\/\/versus-ls.com\/de\/"},{"@type":"ListItem","position":2,"name":"Kontakt","item":"https:\/\/versus-ls.com\/de\/kontakt\/"},{"@type":"ListItem","position":3,"name":"Cookie Hinweis"}]},{"@type":"WebSite","@id":"https:\/\/versus-ls.com\/de\/#website","url":"https:\/\/versus-ls.com\/de\/","name":"Versus Language Solutions GmbH","description":"Agentur f\u00fcr Dolmetschdienstleistungen aus einer Hand","potentialAction":[{"@type":"SearchAction","target":{"@type":"EntryPoint","urlTemplate":"https:\/\/versus-ls.com\/de\/?s={search_term_string}"},"query-input":{"@type":"PropertyValueSpecification","valueRequired":true,"valueName":"search_term_string"}}],"inLanguage":"de"}]}},"_links":{"self":[{"href":"https:\/\/versus-ls.com\/de\/wp-json\/wp\/v2\/pages\/89","targetHints":{"allow":["GET"]}}],"collection":[{"href":"https:\/\/versus-ls.com\/de\/wp-json\/wp\/v2\/pages"}],"about":[{"href":"https:\/\/versus-ls.com\/de\/wp-json\/wp\/v2\/types\/page"}],"author":[{"embeddable":true,"href":"https:\/\/versus-ls.com\/de\/wp-json\/wp\/v2\/users\/1"}],"replies":[{"embeddable":true,"href":"https:\/\/versus-ls.com\/de\/wp-json\/wp\/v2\/comments?post=89"}],"version-history":[{"count":4,"href":"https:\/\/versus-ls.com\/de\/wp-json\/wp\/v2\/pages\/89\/revisions"}],"predecessor-version":[{"id":93,"href":"https:\/\/versus-ls.com\/de\/wp-json\/wp\/v2\/pages\/89\/revisions\/93"}],"up":[{"embeddable":true,"href":"https:\/\/versus-ls.com\/de\/wp-json\/wp\/v2\/pages\/65"}],"wp:attachment":[{"href":"https:\/\/versus-ls.com\/de\/wp-json\/wp\/v2\/media?parent=89"}],"curies":[{"name":"wp","href":"https:\/\/api.w.org\/{rel}","templated":true}]}}