{"id":3,"date":"2019-04-18T08:13:48","date_gmt":"2019-04-18T08:13:48","guid":{"rendered":"https:\/\/versus-ls.com\/?page_id=3"},"modified":"2019-04-27T21:53:46","modified_gmt":"2019-04-27T19:53:46","slug":"impressum","status":"publish","type":"page","link":"https:\/\/versus-ls.com\/de\/kontakt\/impressum\/","title":{"rendered":"Impressum"},"content":{"rendered":"<h1>Impressum<\/h1>\n<div>\n<h3>Angaben gem\u00e4\u00df \u00a7 5 TMG:<\/h3>\n<p>Versus Language Solutions GmbH<br \/>\nHauptstrasse 90<br \/>\n69117 Heidelberg<\/p>\n<h3>Vertreten durch:<\/h3>\n<p>Gesch\u00e4ftsf\u00fchrerin Daniela Giani<\/p>\n<h3>Kontakt:<\/h3>\n<p>Telefon: +49-6221-1874954<br \/>\nTelefax: +49-6221-18749549<br \/>\nE-Mail: versus@versus-ls.com<\/p>\n<h3>Umsatzsteuer:<\/h3>\n<p>Umsatzsteuer-Identifikationsnummer gem\u00e4\u00df \u00a727 a Umsatzsteuergesetz:<br \/>\nDE277395008<\/p>\n<h3>Angaben zur Berufshaftpflichtversicherung<\/h3>\n<p>Name und Sitz des Versicherers:<br \/>\nMannheimer Versicherung AG<br \/>\nAugustaanlage 66<br \/>\n68165 Mannheim<\/p>\n<p>Geltungsraum der Versicherung: weltweit<\/p>\n<h3>Verantwortlich f\u00fcr den Inhalt nach \u00a7 55 Abs. 2 RStV:<\/h3>\n<p>Daniela Giani<br \/>\nHauptstrasse 90<br \/>\n69117 Heidelberg<\/p>\n<h3>Streitschlichtung<\/h3>\n<p>Die Europ\u00e4ische Kommission stellt eine Plattform zur Online-Streitbeilegung (OS) bereit: <a href=\"https:\/\/ec.europa.eu\/consumers\/odr\" target=\"_blank\">https:\/\/ec.europa.eu\/consumers\/odr<\/a>.<br \/> Unsere E-Mail-Adresse finden Sie oben im Impressum.<\/p>\n<p>Wir sind nicht bereit oder verpflichtet, an Streitbeilegungsverfahren vor einer Verbraucherschlichtungsstelle teilzunehmen.<\/p>\n<h4>Haftung f\u00fcr Inhalte<\/h4>\n<p>Als Diensteanbieter sind wir gem\u00e4\u00df \u00a7 7 Abs.1 TMG f\u00fcr eigene Inhalte auf diesen Seiten nach den allgemeinen Gesetzen verantwortlich. Nach \u00a7\u00a7 8 bis 10 TMG sind wir als Diensteanbieter jedoch nicht verpflichtet, \u00fcbermittelte oder gespeicherte fremde Informationen zu \u00fcberwachen oder nach Umst\u00e4nden zu forschen, die auf eine rechtswidrige T\u00e4tigkeit hinweisen.<\/p>\n<p>Verpflichtungen zur Entfernung oder Sperrung der Nutzung von Informationen nach den allgemeinen Gesetzen bleiben hiervon unber\u00fchrt. Eine diesbez\u00fcgliche Haftung ist jedoch erst ab dem Zeitpunkt der Kenntnis einer konkreten Rechtsverletzung m\u00f6glich. Bei Bekanntwerden von entsprechenden Rechtsverletzungen werden wir diese Inhalte umgehend entfernen.<\/p>\n<h4>Haftung f\u00fcr Links<\/h4>\n<p>Unser Angebot enth\u00e4lt Links zu externen Websites Dritter, auf deren Inhalte wir keinen Einfluss haben. Deshalb k\u00f6nnen wir f\u00fcr diese fremden Inhalte auch keine Gew\u00e4hr \u00fcbernehmen. F\u00fcr die Inhalte der verlinkten Seiten ist stets der jeweilige Anbieter oder Betreiber der Seiten verantwortlich. Die verlinkten Seiten wurden zum Zeitpunkt der Verlinkung auf m\u00f6gliche Rechtsverst\u00f6\u00dfe \u00fcberpr\u00fcft. Rechtswidrige Inhalte waren zum Zeitpunkt der Verlinkung nicht erkennbar.<\/p>\n<p>Eine permanente inhaltliche Kontrolle der verlinkten Seiten ist jedoch ohne konkrete Anhaltspunkte einer Rechtsverletzung nicht zumutbar. Bei Bekanntwerden von Rechtsverletzungen werden wir derartige Links umgehend entfernen.<\/p>\n<h4>Urheberrecht<\/h4>\n<p>Die durch die Seitenbetreiber erstellten Inhalte und Werke auf diesen Seiten unterliegen dem deutschen Urheberrecht. Die Vervielf\u00e4ltigung, Bearbeitung, Verbreitung und jede Art der Verwertung au\u00dferhalb der Grenzen des Urheberrechtes bed\u00fcrfen der schriftlichen Zustimmung des jeweiligen Autors bzw. Erstellers. Downloads und Kopien dieser Seite sind nur f\u00fcr den privaten, nicht kommerziellen Gebrauch gestattet.<\/p>\n<p>Soweit die Inhalte auf dieser Seite nicht vom Betreiber erstellt wurden, werden die Urheberrechte Dritter beachtet. Insbesondere werden Inhalte Dritter als solche gekennzeichnet. Sollten Sie trotzdem auf eine Urheberrechtsverletzung aufmerksam werden, bitten wir um einen entsprechenden Hinweis. Bei Bekanntwerden von Rechtsverletzungen werden wir derartige Inhalte umgehend entfernen.<\/p>\n<\/div>\n<ul>\n<li>\n        <a href=\"tel:+4962211874954\">+49 6221 1874954<\/a>\n    <\/li>\n<li>\n        <a href=\"mailto:versus@versus-ls.com\">versus@versus-ls.com<\/a>\n    <\/li>\n<\/ul>\n<p><!-- {\"name\":\"Imprint\",\"type\":\"layout\",\"children\":[{\"name\":\"Hero\",\"type\":\"section\",\"props\":{\"style\":\"default\",\"width\":\"\",\"vertical_align\":\"middle\",\"title_position\":\"center-right\",\"title_rotation\":\"left\",\"title_breakpoint\":\"xl\",\"image_position\":\"center-center\",\"height\":\"\",\"padding\":\"none\",\"header_transparent\":\"\",\"animation\":\"\",\"title\":\"Imprint\",\"image_effect\":\"\"},\"children\":[{\"name\":\"\",\"type\":\"row\",\"props\":{\"fixed_width\":\"large\",\"breakpoint\":\"m\",\"layout\":\",2-3\",\"gutter\":\"\",\"width\":\"\",\"margin\":\"\",\"vertical_align\":\"middle\",\"height\":\"full\",\"width_expand\":\"\"},\"children\":[{\"name\":\"\",\"type\":\"column\",\"props\":{\"widths\":[\"\"],\"image_position\":\"center-left\",\"style\":\"\",\"text_color\":\"\",\"padding\":\"xlarge\",\"image\":\"wp-content\\\/uploads\\\/2019\\\/04\\\/VersusLanguageSolutions_Meeting_Legals-matt.jpg\",\"vertical_align\":\"middle\",\"image_size\":\"\",\"image_effect\":\"fixed\",\"image_visibility\":\"\",\"media_blend_mode\":\"\",\"media_overlay_gradient\":\"\",\"image_parallax_breakpoint\":\"\"}},{\"name\":\"\",\"type\":\"column\",\"props\":{\"widths\":[\"2-3\"],\"image_position\":\"center-center\",\"style\":\"default\",\"text_color\":\"\",\"padding\":\"\",\"vertical_align\":\"\",\"media_overlay_gradient\":\"\"},\"children\":[{\"name\":\"\",\"type\":\"headline\",\"props\":{\"title_element\":\"h1\",\"title_style\":\"h2\",\"title_decoration\":\"\",\"title_color\":\"\",\"text_align\":\"left\",\"text_align_breakpoint\":\"s\",\"text_align_fallback\":\"center\",\"maxwidth\":\"\",\"maxwidth_align\":\"center\",\"maxwidth_breakpoint\":\"\",\"margin\":\"\",\"animation\":\"\",\"visibility\":\"\",\"content\":\"Impressum\"}},{\"name\":\"\",\"type\":\"text\",\"props\":{\"margin\":\"large\",\"column_breakpoint\":\"m\",\"text_style\":\"\",\"text_color\":\"\",\"text_size\":\"\",\"column\":\"\",\"text_align\":\"left\",\"text_align_breakpoint\":\"s\",\"text_align_fallback\":\"center\",\"maxwidth\":\"xxlarge\",\"maxwidth_align\":\"\",\"maxwidth_breakpoint\":\"\",\"animation\":\"\",\"visibility\":\"\",\"content\":\"\n\n<h3>Angaben gem\\u00e4\\u00df \\u00a7 5 TMG:<\\\/h3>\\n\n\n<p>Versus Language Solutions GmbH<br \\\/>\\nHauptstrasse 90<br \\\/>\\n69117 Heidelberg<\\\/p>\\n\\n\n\n<h3>Vertreten durch:<\\\/h3>\\n\n\n<p>Gesch\\u00e4ftsf\\u00fchrerin Daniela Giani<\\\/p>\\n\\n\n\n<h3>Kontakt:<\\\/h3>\\n\n\n<p>Telefon: +49-6221-1874954<br \\\/>\\nTelefax: +49-6221-18749549<br \\\/>\\nE-Mail: versus@versus-ls.com<\\\/p>\\n\\n\n\n<h3>Umsatzsteuer:<\\\/h3>\\n\n\n<p>Umsatzsteuer-Identifikationsnummer gem\\u00e4\\u00df \\u00a727 a Umsatzsteuergesetz:<br \\\/>\\nDE277395008<\\\/p>\\n\\n\n\n<h3>Angaben zur Berufshaftpflichtversicherung<\\\/h3>\\n\n\n<p>Name und Sitz des Versicherers:<br \\\/>\\nMannheimer Versicherung AG<br \\\/>\\nAugustaanlage 66<br \\\/>\\n68165 Mannheim<\\\/p>\\n\n\n<p>Geltungsraum der Versicherung: weltweit<\\\/p>\\n\\n\n\n<h3>Verantwortlich f\\u00fcr den Inhalt nach \\u00a7 55 Abs. 2 RStV:<\\\/h3>\\n\n\n<p>Daniela Giani<br \\\/>\\nHauptstrasse 90<br \\\/>\\n69117 Heidelberg<\\\/p>\\n\\n\n\n<h3>Streitschlichtung<\\\/h3>\\n\n\n<p>Die Europ\\u00e4ische Kommission stellt eine Plattform zur Online-Streitbeilegung (OS) bereit: <a href=\\\"https:\\\/\\\/ec.europa.eu\\\/consumers\\\/odr\\\" target=\\\"_blank\\\">https:\\\/\\\/ec.europa.eu\\\/consumers\\\/odr<\\\/a>.<br \\\/> Unsere E-Mail-Adresse finden Sie oben im Impressum.<\\\/p>\\n\\n\n\n<p>Wir sind nicht bereit oder verpflichtet, an Streitbeilegungsverfahren vor einer Verbraucherschlichtungsstelle teilzunehmen.<\\\/p>\\n\\n\n\n<h4>Haftung f\\u00fcr Inhalte<\\\/h4>\\n\n\n<p>Als Diensteanbieter sind wir gem\\u00e4\\u00df \\u00a7 7 Abs.1 TMG f\\u00fcr eigene Inhalte auf diesen Seiten nach den allgemeinen Gesetzen verantwortlich. Nach \\u00a7\\u00a7 8 bis 10 TMG sind wir als Diensteanbieter jedoch nicht verpflichtet, \\u00fcbermittelte oder gespeicherte fremde Informationen zu \\u00fcberwachen oder nach Umst\\u00e4nden zu forschen, die auf eine rechtswidrige T\\u00e4tigkeit hinweisen.<\\\/p> \n\n<p>Verpflichtungen zur Entfernung oder Sperrung der Nutzung von Informationen nach den allgemeinen Gesetzen bleiben hiervon unber\\u00fchrt. Eine diesbez\\u00fcgliche Haftung ist jedoch erst ab dem Zeitpunkt der Kenntnis einer konkreten Rechtsverletzung m\\u00f6glich. Bei Bekanntwerden von entsprechenden Rechtsverletzungen werden wir diese Inhalte umgehend entfernen.<\\\/p>\\n\n\n<h4>Haftung f\\u00fcr Links<\\\/h4>\\n\n\n<p>Unser Angebot enth\\u00e4lt Links zu externen Websites Dritter, auf deren Inhalte wir keinen Einfluss haben. Deshalb k\\u00f6nnen wir f\\u00fcr diese fremden Inhalte auch keine Gew\\u00e4hr \\u00fcbernehmen. F\\u00fcr die Inhalte der verlinkten Seiten ist stets der jeweilige Anbieter oder Betreiber der Seiten verantwortlich. Die verlinkten Seiten wurden zum Zeitpunkt der Verlinkung auf m\\u00f6gliche Rechtsverst\\u00f6\\u00dfe \\u00fcberpr\\u00fcft. Rechtswidrige Inhalte waren zum Zeitpunkt der Verlinkung nicht erkennbar.<\\\/p>\\n\n\n<p>Eine permanente inhaltliche Kontrolle der verlinkten Seiten ist jedoch ohne konkrete Anhaltspunkte einer Rechtsverletzung nicht zumutbar. Bei Bekanntwerden von Rechtsverletzungen werden wir derartige Links umgehend entfernen.<\\\/p>\\n\n\n<h4>Urheberrecht<\\\/h4>\\n\n\n<p>Die durch die Seitenbetreiber erstellten Inhalte und Werke auf diesen Seiten unterliegen dem deutschen Urheberrecht. Die Vervielf\\u00e4ltigung, Bearbeitung, Verbreitung und jede Art der Verwertung au\\u00dferhalb der Grenzen des Urheberrechtes bed\\u00fcrfen der schriftlichen Zustimmung des jeweiligen Autors bzw. Erstellers. Downloads und Kopien dieser Seite sind nur f\\u00fcr den privaten, nicht kommerziellen Gebrauch gestattet.<\\\/p>\\n\n\n<p>Soweit die Inhalte auf dieser Seite nicht vom Betreiber erstellt wurden, werden die Urheberrechte Dritter beachtet. Insbesondere werden Inhalte Dritter als solche gekennzeichnet. Sollten Sie trotzdem auf eine Urheberrechtsverletzung aufmerksam werden, bitten wir um einen entsprechenden Hinweis. Bei Bekanntwerden von Rechtsverletzungen werden wir derartige Inhalte umgehend entfernen.<\\\/p>\",\"margin_remove_top\":true}},{\"name\":\"\",\"type\":\"button\",\"props\":{\"gutter\":\"\",\"margin\":\"large\",\"button_size\":\"large\",\"text_align\":\"left\",\"text_align_breakpoint\":\"s\",\"text_align_fallback\":\"center\",\"maxwidth\":\"\",\"maxwidth_align\":\"center\",\"maxwidth_breakpoint\":\"\",\"animation\":\"\",\"visibility\":\"\",\"fullwidth\":false},\"children\":[{\"name\":\"\",\"type\":\"button_item\",\"props\":{\"button_style\":\"\",\"icon_align\":\"left\",\"link_target\":\"\",\"content\":\"+49 6221 1874954\",\"link\":\"tel:+4962211874954\"}},{\"name\":\"\",\"type\":\"button_item\",\"props\":{\"button_style\":\"\",\"icon_align\":\"left\",\"link_target\":\"\",\"content\":\"versus@versus-ls.com\",\"link\":\"mailto:versus@versus-ls.com\"}}]}]}]}]}],\"version\":\"1.19.2\",\"props\":[]} --><\/p>\n","protected":false},"excerpt":{"rendered":"<p>Impressum Angaben gem\u00e4\u00df \u00a7 5 TMG: Versus Language Solutions GmbH Hauptstrasse 90 69117 Heidelberg Vertreten durch: Gesch\u00e4ftsf\u00fchrerin Daniela Giani Kontakt: Telefon: +49-6221-1874954 Telefax: +49-6221-18749549 E-Mail: versus@versus-ls.com Umsatzsteuer: Umsatzsteuer-Identifikationsnummer gem\u00e4\u00df \u00a727 a Umsatzsteuergesetz: DE277395008 Angaben zur Berufshaftpflichtversicherung Name und Sitz des Versicherers: Mannheimer Versicherung AG Augustaanlage 66 68165 Mannheim Geltungsraum der Versicherung: weltweit Verantwortlich f\u00fcr den [&hellip;]<\/p>\n","protected":false},"author":1,"featured_media":0,"parent":65,"menu_order":0,"comment_status":"closed","ping_status":"closed","template":"","meta":{"footnotes":""},"class_list":["post-3","page","type-page","status-publish","hentry"],"yoast_head":"<!-- This site is optimized with the Yoast SEO plugin v26.5 - https:\/\/yoast.com\/wordpress\/plugins\/seo\/ -->\n<title>Impressum - Versus Language Solutions GmbH<\/title>\n<meta name=\"robots\" content=\"noindex, follow, max-snippet:-1, max-image-preview:large, max-video-preview:-1\" \/>\n<meta property=\"og:locale\" content=\"de_DE\" \/>\n<meta property=\"og:type\" content=\"article\" \/>\n<meta property=\"og:title\" content=\"Impressum - Versus Language Solutions GmbH\" \/>\n<meta property=\"og:description\" content=\"Impressum Angaben gem\u00e4\u00df \u00a7 5 TMG: Versus Language Solutions GmbH Hauptstrasse 90 69117 Heidelberg Vertreten durch: Gesch\u00e4ftsf\u00fchrerin Daniela Giani Kontakt: Telefon: +49-6221-1874954 Telefax: +49-6221-18749549 E-Mail: versus@versus-ls.com Umsatzsteuer: Umsatzsteuer-Identifikationsnummer gem\u00e4\u00df \u00a727 a Umsatzsteuergesetz: DE277395008 Angaben zur Berufshaftpflichtversicherung Name und Sitz des Versicherers: Mannheimer Versicherung AG Augustaanlage 66 68165 Mannheim Geltungsraum der Versicherung: weltweit Verantwortlich f\u00fcr den [&hellip;]\" \/>\n<meta property=\"og:url\" content=\"https:\/\/versus-ls.com\/de\/kontakt\/impressum\/\" \/>\n<meta property=\"og:site_name\" content=\"Versus Language Solutions GmbH\" \/>\n<meta property=\"article:modified_time\" content=\"2019-04-27T19:53:46+00:00\" \/>\n<meta name=\"twitter:card\" content=\"summary_large_image\" \/>\n<meta name=\"twitter:label1\" content=\"Gesch\u00e4tzte Lesezeit\" \/>\n\t<meta name=\"twitter:data1\" content=\"2\u00a0Minuten\" \/>\n<script type=\"application\/ld+json\" class=\"yoast-schema-graph\">{\"@context\":\"https:\/\/schema.org\",\"@graph\":[{\"@type\":\"WebPage\",\"@id\":\"https:\/\/versus-ls.com\/de\/kontakt\/impressum\/\",\"url\":\"https:\/\/versus-ls.com\/de\/kontakt\/impressum\/\",\"name\":\"Impressum - Versus Language Solutions GmbH\",\"isPartOf\":{\"@id\":\"https:\/\/versus-ls.com\/de\/#website\"},\"datePublished\":\"2019-04-18T08:13:48+00:00\",\"dateModified\":\"2019-04-27T19:53:46+00:00\",\"breadcrumb\":{\"@id\":\"https:\/\/versus-ls.com\/de\/kontakt\/impressum\/#breadcrumb\"},\"inLanguage\":\"de\",\"potentialAction\":[{\"@type\":\"ReadAction\",\"target\":[\"https:\/\/versus-ls.com\/de\/kontakt\/impressum\/\"]}]},{\"@type\":\"BreadcrumbList\",\"@id\":\"https:\/\/versus-ls.com\/de\/kontakt\/impressum\/#breadcrumb\",\"itemListElement\":[{\"@type\":\"ListItem\",\"position\":1,\"name\":\"Home\",\"item\":\"https:\/\/versus-ls.com\/de\/\"},{\"@type\":\"ListItem\",\"position\":2,\"name\":\"Kontakt\",\"item\":\"https:\/\/versus-ls.com\/de\/kontakt\/\"},{\"@type\":\"ListItem\",\"position\":3,\"name\":\"Impressum\"}]},{\"@type\":\"WebSite\",\"@id\":\"https:\/\/versus-ls.com\/de\/#website\",\"url\":\"https:\/\/versus-ls.com\/de\/\",\"name\":\"Versus Language Solutions GmbH\",\"description\":\"Agentur f\u00fcr Dolmetschdienstleistungen aus einer Hand\",\"potentialAction\":[{\"@type\":\"SearchAction\",\"target\":{\"@type\":\"EntryPoint\",\"urlTemplate\":\"https:\/\/versus-ls.com\/de\/?s={search_term_string}\"},\"query-input\":{\"@type\":\"PropertyValueSpecification\",\"valueRequired\":true,\"valueName\":\"search_term_string\"}}],\"inLanguage\":\"de\"}]}<\/script>\n<!-- \/ Yoast SEO plugin. -->","yoast_head_json":{"title":"Impressum - Versus Language Solutions GmbH","robots":{"index":"noindex","follow":"follow","max-snippet":"max-snippet:-1","max-image-preview":"max-image-preview:large","max-video-preview":"max-video-preview:-1"},"og_locale":"de_DE","og_type":"article","og_title":"Impressum - Versus Language Solutions GmbH","og_description":"Impressum Angaben gem\u00e4\u00df \u00a7 5 TMG: Versus Language Solutions GmbH Hauptstrasse 90 69117 Heidelberg Vertreten durch: Gesch\u00e4ftsf\u00fchrerin Daniela Giani Kontakt: Telefon: +49-6221-1874954 Telefax: +49-6221-18749549 E-Mail: versus@versus-ls.com Umsatzsteuer: Umsatzsteuer-Identifikationsnummer gem\u00e4\u00df \u00a727 a Umsatzsteuergesetz: DE277395008 Angaben zur Berufshaftpflichtversicherung Name und Sitz des Versicherers: Mannheimer Versicherung AG Augustaanlage 66 68165 Mannheim Geltungsraum der Versicherung: weltweit Verantwortlich f\u00fcr den [&hellip;]","og_url":"https:\/\/versus-ls.com\/de\/kontakt\/impressum\/","og_site_name":"Versus Language Solutions GmbH","article_modified_time":"2019-04-27T19:53:46+00:00","twitter_card":"summary_large_image","twitter_misc":{"Gesch\u00e4tzte Lesezeit":"2\u00a0Minuten"},"schema":{"@context":"https:\/\/schema.org","@graph":[{"@type":"WebPage","@id":"https:\/\/versus-ls.com\/de\/kontakt\/impressum\/","url":"https:\/\/versus-ls.com\/de\/kontakt\/impressum\/","name":"Impressum - Versus Language Solutions GmbH","isPartOf":{"@id":"https:\/\/versus-ls.com\/de\/#website"},"datePublished":"2019-04-18T08:13:48+00:00","dateModified":"2019-04-27T19:53:46+00:00","breadcrumb":{"@id":"https:\/\/versus-ls.com\/de\/kontakt\/impressum\/#breadcrumb"},"inLanguage":"de","potentialAction":[{"@type":"ReadAction","target":["https:\/\/versus-ls.com\/de\/kontakt\/impressum\/"]}]},{"@type":"BreadcrumbList","@id":"https:\/\/versus-ls.com\/de\/kontakt\/impressum\/#breadcrumb","itemListElement":[{"@type":"ListItem","position":1,"name":"Home","item":"https:\/\/versus-ls.com\/de\/"},{"@type":"ListItem","position":2,"name":"Kontakt","item":"https:\/\/versus-ls.com\/de\/kontakt\/"},{"@type":"ListItem","position":3,"name":"Impressum"}]},{"@type":"WebSite","@id":"https:\/\/versus-ls.com\/de\/#website","url":"https:\/\/versus-ls.com\/de\/","name":"Versus Language Solutions GmbH","description":"Agentur f\u00fcr Dolmetschdienstleistungen aus einer Hand","potentialAction":[{"@type":"SearchAction","target":{"@type":"EntryPoint","urlTemplate":"https:\/\/versus-ls.com\/de\/?s={search_term_string}"},"query-input":{"@type":"PropertyValueSpecification","valueRequired":true,"valueName":"search_term_string"}}],"inLanguage":"de"}]}},"_links":{"self":[{"href":"https:\/\/versus-ls.com\/de\/wp-json\/wp\/v2\/pages\/3","targetHints":{"allow":["GET"]}}],"collection":[{"href":"https:\/\/versus-ls.com\/de\/wp-json\/wp\/v2\/pages"}],"about":[{"href":"https:\/\/versus-ls.com\/de\/wp-json\/wp\/v2\/types\/page"}],"author":[{"embeddable":true,"href":"https:\/\/versus-ls.com\/de\/wp-json\/wp\/v2\/users\/1"}],"replies":[{"embeddable":true,"href":"https:\/\/versus-ls.com\/de\/wp-json\/wp\/v2\/comments?post=3"}],"version-history":[{"count":4,"href":"https:\/\/versus-ls.com\/de\/wp-json\/wp\/v2\/pages\/3\/revisions"}],"predecessor-version":[{"id":96,"href":"https:\/\/versus-ls.com\/de\/wp-json\/wp\/v2\/pages\/3\/revisions\/96"}],"up":[{"embeddable":true,"href":"https:\/\/versus-ls.com\/de\/wp-json\/wp\/v2\/pages\/65"}],"wp:attachment":[{"href":"https:\/\/versus-ls.com\/de\/wp-json\/wp\/v2\/media?parent=3"}],"curies":[{"name":"wp","href":"https:\/\/api.w.org\/{rel}","templated":true}]}}