{"id":136,"date":"2019-04-18T13:39:08","date_gmt":"2019-04-18T13:39:08","guid":{"rendered":"https:\/\/versus-ls.com\/?page_id=136"},"modified":"2019-04-27T17:08:26","modified_gmt":"2019-04-27T15:08:26","slug":"ueber-uns","status":"publish","type":"page","link":"https:\/\/versus-ls.com\/de\/ueber-uns\/","title":{"rendered":"\u00dcber uns"},"content":{"rendered":"<div>Ihre Ansprechpartner sind:<\/div>\n<div>\n<p>        <img decoding=\"async\" src=\"wp-content\/uploads\/2019\/04\/empty-overlay.png\" alt=\"\"><\/p>\n<h1>Daniela Giani<\/h1>\n<p>Diplom-Dolmetscherin und Gesch\u00e4ftsf\u00fchrerin <\/p>\n<div>\n<p>Seit \u00fcber 20 Jahren als Konferenzdolmetscherin f\u00fcr Italienisch erfolgreich am Markt t\u00e4tig, ist bei zahlreichen Dolmetscheins\u00e4tzen f\u00fcr VERSUS unterwegs, fungiert als Ansprechpartnerin f\u00fcr den Kunden auch vor Ort und leitet mit Begeisterung und Einsatzbereitschaft das Unternehmen.<\/p>\n<\/div>\n<\/div>\n<div>\n<p>        <img decoding=\"async\" src=\"wp-content\/uploads\/2019\/04\/empty-overlay.png\" alt=\"\"><\/p>\n<h1>Waltraud Hellmann<\/h1>\n<p>Leiterin Projektmanagement<\/p>\n<div>\n<p>Mit ihrer sympathischen Art und ihrem fr\u00f6hlichen Wesen ist sie unsere Stimme und Ihr kompetenter Ansprechpartner in unserem B\u00fcro f\u00fcr alle Belange rund um das Dolmetschen. Sie ist die Schnittstelle zwischen den Kunden und den eingesetzten Dolmetschern.<\/p>\n<\/div>\n<\/div>\n<div>Ihre Ansprechpartner sind:<\/div>\n<div>\n<p>        <img decoding=\"async\" src=\"wp-content\/uploads\/2019\/04\/VersusLanguageSolutions_Daniela-Giani-h.jpg\" alt=\"\"><\/p>\n<h3>Daniela Giani<\/h3>\n<p>Diplom-Dolmetscherin und Gesch\u00e4ftsf\u00fchrerin<\/p>\n<div>\n<p>Seit \u00fcber 20 Jahren als Konferenzdolmetscherin f\u00fcr Italienisch erfolgreich am Markt t\u00e4tig, ist bei zahlreichen Dolmetscheins\u00e4tzen f\u00fcr VERSUS unterwegs, fungiert als Ansprechpartnerin f\u00fcr den Kunden auch vor Ort und leitet mit Begeisterung und Einsatzbereitschaft das Unternehmen.<\/p>\n<\/div>\n<\/div>\n<hr>\n<div>\n<p>        <img decoding=\"async\" src=\"wp-content\/uploads\/2019\/04\/VersusLanguageSolutions_Waltraud-Hellmann.jpg\" alt=\"\"><\/p>\n<h3>Waltraud Hellmann<\/h3>\n<p>Leiterin Projektmanagement<\/p>\n<div>\n<p>Mit ihrer sympathischen Art und ihrem fr\u00f6hlichen Wesen ist sie unsere Stimme und Ihr kompetenter Ansprechpartner in unserem B\u00fcro f\u00fcr alle Belange rund um das Dolmetschen. Sie ist die Schnittstelle zwischen den Kunden und den eingesetzten Dolmetschern.<\/p>\n<\/div>\n<\/div>\n<h2>Netzwerk<\/h2>\n<hr>\n<div>Wir arbeiten regelm\u00e4\u00dfig mit ca. 300 Dolmetschern im In- und Ausland zusammen.<\/div>\n<div>\n<p>Unser Netzwerk mit seinen akademisch qualifizierten Dolmetschern \u00fcberzeugt durch Erfahrung und Kompetenz der Sprachdienstleistungen bei allen Eins\u00e4tzen.<\/p>\n<p>Datenschutz, Integrit\u00e4t, Vertraulichkeit und eingespielte Qualit\u00e4tssicherungsprozesse sind bei uns eine Selbstverst\u00e4ndlichkeit.<\/p>\n<p>Dabei haben wir uns den ethischen Grunds\u00e4tzen der relevanten Berufsverb\u00e4nde verpflichtet.<\/p>\n<p>Und weil wir dar\u00fcber hinaus weit mehr anbieten: Nehmen Sie f\u00fcr Informationen zu all unseren Angeboten Kontakt zu uns auf.<\/p>\n<\/div>\n<p>\n    <a href=\"mailto:versus@versus-ls.com\">Wir freuen uns auf Sie!<\/a>\n<\/p>\n<p><!-- {\"type\":\"layout\",\"children\":[{\"type\":\"section\",\"props\":{\"style\":\"default\",\"width\":\"default\",\"vertical_align\":\"middle\",\"title_position\":\"center-left\",\"title_rotation\":\"left\",\"title_breakpoint\":\"xl\",\"image_position\":\"top-left\",\"text_color\":\"\",\"width_expand\":\"\",\"height\":\"\",\"padding\":\"large\",\"header_transparent\":\"\",\"animation\":\"fade\",\"image\":\"wp-content\\\/uploads\\\/2019\\\/04\\\/versus-back.svg\",\"image_size\":\"\",\"image_effect\":\"fixed\",\"image_parallax_breakpoint\":\"\",\"image_visibility\":\"\",\"video_width\":\"\",\"video_height\":\"\",\"media_blend_mode\":\"\",\"title\":\"Versus Language Solutions Team\",\"id\":\"team\",\"padding_remove_bottom\":false,\"class\":\"uk-visible@m\"},\"children\":[{\"type\":\"row\",\"props\":{\"layout\":\"1-1\",\"breakpoint\":\"m\",\"fixed_width\":\"large\",\"gutter\":\"\",\"width\":\"\",\"width_expand\":\"\",\"height\":\"\",\"margin\":\"\"},\"children\":[{\"type\":\"column\",\"props\":{\"widths\":[\"1-1\"],\"image_position\":\"center-center\",\"media_overlay_gradient\":\"\",\"vertical_align\":\"\",\"style\":\"\",\"text_color\":\"\",\"padding\":\"\"},\"children\":[{\"type\":\"text\",\"props\":{\"margin\":\"default\",\"column_breakpoint\":\"m\",\"text_style\":\"\",\"text_color\":\"\",\"text_size\":\"large\",\"column\":\"\",\"text_align\":\"\",\"text_align_breakpoint\":\"\",\"text_align_fallback\":\"\",\"maxwidth\":\"\",\"maxwidth_align\":\"\",\"maxwidth_breakpoint\":\"\",\"animation\":\"\",\"visibility\":\"\",\"content\":\"Ihre Ansprechpartner sind:\"}}]}]},{\"type\":\"row\",\"props\":{\"layout\":\"1-1\",\"breakpoint\":\"m\",\"fixed_width\":\"large\",\"gutter\":\"\",\"width\":\"large\",\"width_expand\":\"\",\"height\":\"\",\"margin\":\"\"},\"children\":[{\"type\":\"column\",\"props\":{\"widths\":[\"1-1\"],\"image_position\":\"center-center\",\"media_overlay_gradient\":\"\",\"vertical_align\":\"\",\"style\":\"secondary\",\"text_color\":\"\",\"padding\":\"none\",\"image\":\"wp-content\\\/uploads\\\/2019\\\/04\\\/VersusLanguageSolutions_Daniela-Giani-h.jpg\",\"image_size\":\"cover\",\"image_effect\":\"\",\"image_parallax_breakpoint\":\"\",\"image_visibility\":\"\",\"media_blend_mode\":\"\"},\"children\":[{\"type\":\"overlay\",\"props\":{\"link_text\":\"Read more\",\"overlay_mode\":\"cover\",\"overlay_hover\":false,\"overlay_style\":\"overlay-default\",\"text_color\":\"\",\"overlay_position\":\"top-left\",\"overlay_transition\":\"fade\",\"title_element\":\"h1\",\"meta_style\":\"meta\",\"meta_align\":\"below-title\",\"link_style\":\"default\",\"text_align\":\"left\",\"margin\":\"default\",\"overlay_padding\":\"large\",\"overlay_margin\":\"\",\"overlay_maxwidth\":\"\",\"image_transition\":\"\",\"image_box_shadow\":\"\",\"image_hover_box_shadow\":\"\",\"image_box_decoration\":\"\",\"title_transition\":\"\",\"title_style\":\"h2\",\"title_decoration\":\"\",\"title_color\":\"\",\"title_margin\":\"\",\"meta_transition\":\"\",\"meta_color\":\"\",\"meta_margin\":\"small\",\"content_transition\":\"\",\"content_style\":\"\",\"content_margin\":\"medium\",\"link_type\":\"\",\"link_transition\":\"\",\"link_size\":\"\",\"link_margin\":\"\",\"text_align_breakpoint\":\"\",\"text_align_fallback\":\"\",\"maxwidth\":\"\",\"maxwidth_align\":\"\",\"maxwidth_breakpoint\":\"\",\"animation\":\"\",\"visibility\":\"\",\"image\":\"wp-content\\\/uploads\\\/2019\\\/04\\\/empty-overlay.png\",\"image_width\":\"640\",\"image_height\":\"\",\"title\":\"Daniela Giani\",\"content\":\"\n\n<p>Seit \\u00fcber 20 Jahren als Konferenzdolmetscherin f\\u00fcr Italienisch erfolgreich am Markt t\\u00e4tig, ist bei zahlreichen Dolmetscheins\\u00e4tzen f\\u00fcr VERSUS unterwegs, fungiert als Ansprechpartnerin f\\u00fcr den Kunden auch vor Ort und leitet mit Begeisterung und Einsatzbereitschaft das Unternehmen.<\\\/p>\",\"meta\":\"Diplom-Dolmetscherin und Gesch\\u00e4ftsf\\u00fchrerin \"}}]}]},{\"type\":\"row\",\"props\":{\"layout\":\"1-1\",\"breakpoint\":\"m\",\"fixed_width\":\"large\",\"gutter\":\"\",\"width\":\"large\",\"width_expand\":\"\",\"height\":\"\",\"margin\":\"\"},\"children\":[{\"type\":\"column\",\"props\":{\"widths\":[\"1-1\"],\"image_position\":\"center-center\",\"media_overlay_gradient\":\"\",\"vertical_align\":\"\",\"style\":\"\",\"text_color\":\"\",\"padding\":\"none\",\"image\":\"wp-content\\\/uploads\\\/2019\\\/04\\\/VersusLanguageSolutions_Waltraud-Hellmann.jpg\",\"image_size\":\"cover\",\"image_effect\":\"\",\"image_parallax_breakpoint\":\"\",\"image_visibility\":\"\",\"media_blend_mode\":\"\"},\"children\":[{\"type\":\"overlay\",\"props\":{\"link_text\":\"Read more\",\"overlay_mode\":\"cover\",\"overlay_hover\":false,\"overlay_style\":\"overlay-default\",\"text_color\":\"\",\"overlay_position\":\"top-left\",\"overlay_transition\":\"fade\",\"title_element\":\"h1\",\"meta_style\":\"meta\",\"meta_align\":\"below-title\",\"link_style\":\"default\",\"text_align\":\"left\",\"margin\":\"default\",\"overlay_padding\":\"large\",\"overlay_margin\":\"\",\"overlay_maxwidth\":\"\",\"image_transition\":\"\",\"image_box_shadow\":\"\",\"image_hover_box_shadow\":\"\",\"image_box_decoration\":\"\",\"title_transition\":\"\",\"title_style\":\"h2\",\"title_decoration\":\"\",\"title_color\":\"\",\"title_margin\":\"\",\"meta_transition\":\"\",\"meta_color\":\"\",\"meta_margin\":\"small\",\"content_transition\":\"\",\"content_style\":\"\",\"content_margin\":\"medium\",\"link_type\":\"\",\"link_transition\":\"\",\"link_size\":\"\",\"link_margin\":\"\",\"text_align_breakpoint\":\"\",\"text_align_fallback\":\"\",\"maxwidth\":\"\",\"maxwidth_align\":\"\",\"maxwidth_breakpoint\":\"\",\"animation\":\"\",\"visibility\":\"\",\"image\":\"wp-content\\\/uploads\\\/2019\\\/04\\\/empty-overlay.png\",\"image_width\":\"640\",\"image_height\":\"\",\"title\":\"Waltraud Hellmann\",\"content\":\"\n\n<p>Mit ihrer sympathischen Art und ihrem fr\\u00f6hlichen Wesen ist sie unsere Stimme und Ihr kompetenter Ansprechpartner in unserem B\\u00fcro f\\u00fcr alle Belange rund um das Dolmetschen. Sie ist die Schnittstelle zwischen den Kunden und den eingesetzten Dolmetschern.<\\\/p>\",\"meta\":\"Leiterin Projektmanagement\"}}]}]}],\"name\":\"Speakers Desktop\"},{\"type\":\"section\",\"props\":{\"style\":\"default\",\"width\":\"default\",\"vertical_align\":\"middle\",\"title_position\":\"top-left\",\"title_rotation\":\"left\",\"title_breakpoint\":\"xl\",\"image_position\":\"center-center\",\"text_color\":\"\",\"width_expand\":\"\",\"height\":\"\",\"padding\":\"small\",\"header_transparent\":\"\",\"animation\":\"fade\",\"class\":\"uk-hidden@m\",\"padding_remove_bottom\":true},\"children\":[{\"type\":\"row\",\"props\":{\"layout\":\"1-1\",\"breakpoint\":\"m\",\"fixed_width\":\"large\",\"gutter\":\"\",\"width\":\"\",\"width_expand\":\"\",\"height\":\"\",\"margin\":\"\"},\"children\":[{\"type\":\"column\",\"props\":{\"widths\":[\"1-1\"],\"image_position\":\"center-center\",\"media_overlay_gradient\":\"\",\"vertical_align\":\"\",\"style\":\"\",\"text_color\":\"\",\"padding\":\"\"},\"children\":[{\"type\":\"text\",\"props\":{\"margin\":\"default\",\"column_breakpoint\":\"m\",\"text_style\":\"\",\"text_color\":\"\",\"text_size\":\"\",\"column\":\"\",\"text_align\":\"\",\"text_align_breakpoint\":\"\",\"text_align_fallback\":\"\",\"maxwidth\":\"\",\"maxwidth_align\":\"\",\"maxwidth_breakpoint\":\"\",\"animation\":\"\",\"visibility\":\"\",\"content\":\"Ihre Ansprechpartner sind:\"}}]}]},{\"type\":\"row\",\"props\":{\"layout\":\"1-1\",\"breakpoint\":\"m\",\"fixed_width\":\"large\",\"gutter\":\"\",\"width\":\"\",\"width_expand\":\"\",\"height\":\"\",\"margin\":\"\"},\"children\":[{\"type\":\"column\",\"props\":{\"widths\":[\"1-1\"],\"image_position\":\"center-center\",\"media_overlay_gradient\":\"\",\"vertical_align\":\"\",\"style\":\"\",\"text_color\":\"\",\"padding\":\"\"},\"children\":[{\"type\":\"panel\",\"props\":{\"link_text\":\"Read more\",\"title_element\":\"h3\",\"title_align\":\"top\",\"title_grid_width\":\"1-2\",\"title_breakpoint\":\"m\",\"meta_style\":\"meta\",\"meta_align\":\"below-title\",\"icon_ratio\":4,\"image_align\":\"between\",\"image_grid_width\":\"1-2\",\"image_breakpoint\":\"m\",\"image_svg_color\":\"emphasis\",\"link_style\":\"default\",\"margin\":\"default\",\"panel_style\":\"\",\"panel_content_padding\":\"\",\"panel_size\":\"\",\"title_style\":\"\",\"title_decoration\":\"\",\"title_color\":\"\",\"title_gutter\":\"\",\"title_margin\":\"\",\"meta_color\":\"\",\"meta_margin\":\"small\",\"content_style\":\"\",\"content_margin\":\"\",\"image_border\":\"\",\"image_box_shadow\":\"\",\"image_hover_box_shadow\":\"\",\"image_box_decoration\":\"\",\"icon_color\":\"\",\"image_gutter\":\"\",\"image_margin\":\"\",\"link_type\":\"\",\"link_size\":\"\",\"link_margin\":\"\",\"text_align\":\"\",\"text_align_breakpoint\":\"\",\"text_align_fallback\":\"\",\"maxwidth\":\"\",\"maxwidth_align\":\"\",\"maxwidth_breakpoint\":\"\",\"animation\":\"\",\"visibility\":\"\",\"title\":\"Daniela Giani\",\"meta\":\"Diplom-Dolmetscherin und Gesch\\u00e4ftsf\\u00fchrerin\",\"content\":\"\n\n<p>Seit \\u00fcber 20 Jahren als Konferenzdolmetscherin f\\u00fcr Italienisch erfolgreich am Markt t\\u00e4tig, ist bei zahlreichen Dolmetscheins\\u00e4tzen f\\u00fcr VERSUS unterwegs, fungiert als Ansprechpartnerin f\\u00fcr den Kunden auch vor Ort und leitet mit Begeisterung und Einsatzbereitschaft das Unternehmen.<\\\/p>\",\"image\":\"wp-content\\\/uploads\\\/2019\\\/04\\\/VersusLanguageSolutions_Daniela-Giani-h.jpg\",\"image_width\":\"960\"}},{\"type\":\"divider\",\"props\":{\"divider_element\":\"hr\",\"divider_style\":\"\",\"divider_align\":\"\",\"divider_align_breakpoint\":\"\",\"divider_align_fallback\":\"\",\"maxwidth\":\"\",\"maxwidth_align\":\"\",\"maxwidth_breakpoint\":\"\",\"margin\":\"\",\"animation\":\"\",\"visibility\":\"\"}},{\"type\":\"panel\",\"props\":{\"link_text\":\"Read more\",\"title_element\":\"h3\",\"title_align\":\"top\",\"title_grid_width\":\"1-2\",\"title_breakpoint\":\"m\",\"meta_style\":\"meta\",\"meta_align\":\"below-title\",\"icon_ratio\":4,\"image_align\":\"between\",\"image_grid_width\":\"1-2\",\"image_breakpoint\":\"m\",\"image_svg_color\":\"emphasis\",\"link_style\":\"default\",\"margin\":\"default\",\"panel_style\":\"\",\"panel_content_padding\":\"\",\"panel_size\":\"\",\"title_style\":\"\",\"title_decoration\":\"\",\"title_color\":\"\",\"title_gutter\":\"\",\"title_margin\":\"\",\"meta_color\":\"\",\"meta_margin\":\"small\",\"content_style\":\"\",\"content_margin\":\"\",\"image_border\":\"\",\"image_box_shadow\":\"\",\"image_hover_box_shadow\":\"\",\"image_box_decoration\":\"\",\"icon_color\":\"\",\"image_gutter\":\"\",\"image_margin\":\"\",\"link_type\":\"\",\"link_size\":\"\",\"link_margin\":\"\",\"text_align\":\"\",\"text_align_breakpoint\":\"\",\"text_align_fallback\":\"\",\"maxwidth\":\"\",\"maxwidth_align\":\"\",\"maxwidth_breakpoint\":\"\",\"animation\":\"\",\"visibility\":\"\",\"title\":\"Waltraud Hellmann\",\"meta\":\"Leiterin Projektmanagement\",\"content\":\"\n\n<p>Mit ihrer sympathischen Art und ihrem fr\\u00f6hlichen Wesen ist sie unsere Stimme und Ihr kompetenter Ansprechpartner in unserem B\\u00fcro f\\u00fcr alle Belange rund um das Dolmetschen. Sie ist die Schnittstelle zwischen den Kunden und den eingesetzten Dolmetschern.<\\\/p>\",\"image\":\"wp-content\\\/uploads\\\/2019\\\/04\\\/VersusLanguageSolutions_Waltraud-Hellmann.jpg\",\"image_width\":\"960\"}}]}]}],\"name\":\"Team mobil\"},{\"type\":\"section\",\"props\":{\"style\":\"default\",\"width\":\"expand\",\"vertical_align\":\"middle\",\"title_position\":\"top-left\",\"title_rotation\":\"left\",\"title_breakpoint\":\"xl\",\"image_position\":\"center-center\",\"text_color\":\"\",\"width_expand\":\"\",\"height\":\"\",\"padding\":\"large\",\"header_transparent\":\"\",\"animation\":\"\",\"padding_remove_bottom\":false,\"image\":\"wp-content\\\/uploads\\\/2019\\\/04\\\/VersusLanguageSolutions_CalPhoneCard.jpg\",\"image_size\":\"cover\",\"image_effect\":\"\",\"image_parallax_breakpoint\":\"\",\"image_visibility\":\"\",\"video_width\":\"\",\"video_height\":\"\",\"media_blend_mode\":\"\",\"media_overlay\":\"#FFFFFFAF\"},\"children\":[{\"type\":\"row\",\"props\":{\"layout\":\"1-1\",\"breakpoint\":\"m\",\"fixed_width\":\"large\",\"gutter\":\"small\",\"width\":\"xsmall\",\"width_expand\":\"\",\"height\":\"\",\"margin\":\"medium\"},\"children\":[{\"type\":\"column\",\"props\":{\"widths\":[\"1-1\"],\"image_position\":\"bottom-center\",\"media_overlay_gradient\":\"\",\"vertical_align\":\"\",\"style\":\"secondary\",\"text_color\":\"light\",\"padding\":\"\",\"image\":\"\",\"image_size\":\"cover\",\"image_effect\":\"\",\"image_parallax_breakpoint\":\"\",\"image_visibility\":\"\",\"media_blend_mode\":\"\",\"media_overlay\":\"#00000080\"},\"children\":[{\"type\":\"headline\",\"props\":{\"title_element\":\"h2\",\"title_style\":\"h1\",\"title_decoration\":\"\",\"title_color\":\"\",\"text_align\":\"center\",\"text_align_breakpoint\":\"\",\"text_align_fallback\":\"\",\"maxwidth\":\"medium\",\"maxwidth_align\":\"center\",\"maxwidth_breakpoint\":\"\",\"margin\":\"\",\"animation\":\"none\",\"visibility\":\"\",\"content\":\"Netzwerk\"}},{\"type\":\"divider\",\"props\":{\"divider_element\":\"hr\",\"divider_style\":\"small\",\"divider_align\":\"center\",\"divider_align_breakpoint\":\"\",\"divider_align_fallback\":\"\",\"maxwidth\":\"\",\"maxwidth_align\":\"\",\"maxwidth_breakpoint\":\"\",\"margin\":\"large\",\"animation\":\"\",\"visibility\":\"\",\"margin_remove_top\":true}},{\"type\":\"text\",\"props\":{\"margin\":\"default\",\"column_breakpoint\":\"m\",\"text_style\":\"lead\",\"text_color\":\"\",\"text_size\":\"large\",\"column\":\"\",\"text_align\":\"\",\"text_align_breakpoint\":\"\",\"text_align_fallback\":\"\",\"maxwidth\":\"\",\"maxwidth_align\":\"center\",\"maxwidth_breakpoint\":\"\",\"animation\":\"\",\"visibility\":\"\",\"content\":\"Wir arbeiten regelm\\u00e4\\u00dfig mit ca. 300 Dolmetschern im In- und Ausland zusammen.\",\"margin_remove_top\":true}},{\"type\":\"text\",\"props\":{\"margin\":\"default\",\"column_breakpoint\":\"m\",\"text_style\":\"\",\"text_color\":\"muted\",\"text_size\":\"\",\"column\":\"\",\"text_align\":\"\",\"text_align_breakpoint\":\"\",\"text_align_fallback\":\"\",\"maxwidth\":\"\",\"maxwidth_align\":\"center\",\"maxwidth_breakpoint\":\"\",\"animation\":\"\",\"visibility\":\"\",\"content\":\"\n\n<p>Unser Netzwerk mit seinen akademisch qualifizierten Dolmetschern \\u00fcberzeugt durch Erfahrung und Kompetenz der Sprachdienstleistungen bei allen Eins\\u00e4tzen.<\\\/p>\\n\n\n<p>Datenschutz, Integrit\\u00e4t, Vertraulichkeit und eingespielte Qualit\\u00e4tssicherungsprozesse sind bei uns eine Selbstverst\\u00e4ndlichkeit.<\\\/p>\\n\n\n<p>Dabei haben wir uns den ethischen Grunds\\u00e4tzen der relevanten Berufsverb\\u00e4nde verpflichtet.<\\\/p>\\n\n\n<p>Und weil wir dar\\u00fcber hinaus weit mehr anbieten: Nehmen Sie f\\u00fcr Informationen zu all unseren Angeboten Kontakt zu uns auf.<\\\/p>\",\"margin_remove_top\":false}},{\"type\":\"button\",\"props\":{\"gutter\":\"small\",\"margin\":\"large\",\"button_size\":\"\",\"text_align\":\"center\",\"text_align_breakpoint\":\"\",\"text_align_fallback\":\"\",\"maxwidth\":\"\",\"maxwidth_align\":\"\",\"maxwidth_breakpoint\":\"\",\"animation\":\"\",\"visibility\":\"\"},\"children\":[{\"type\":\"button_item\",\"props\":{\"button_style\":\"primary\",\"icon_align\":\"left\",\"link_target\":\"\",\"content\":\"Wir freuen uns auf Sie!\",\"link\":\"mailto:versus@versus-ls.com\"}}]}]}]}]}],\"version\":\"1.19.2\",\"props\":[]} --><\/p>\n","protected":false},"excerpt":{"rendered":"<p>Ihre Ansprechpartner sind: Daniela Giani Diplom-Dolmetscherin und Gesch\u00e4ftsf\u00fchrerin Seit \u00fcber 20 Jahren als Konferenzdolmetscherin f\u00fcr Italienisch erfolgreich am Markt t\u00e4tig, ist bei zahlreichen Dolmetscheins\u00e4tzen f\u00fcr VERSUS unterwegs, fungiert als Ansprechpartnerin f\u00fcr den Kunden auch vor Ort und leitet mit Begeisterung und Einsatzbereitschaft das Unternehmen. Waltraud Hellmann Leiterin Projektmanagement Mit ihrer sympathischen Art und ihrem fr\u00f6hlichen [&hellip;]<\/p>\n","protected":false},"author":1,"featured_media":0,"parent":0,"menu_order":0,"comment_status":"closed","ping_status":"closed","template":"","meta":{"footnotes":""},"class_list":["post-136","page","type-page","status-publish","hentry"],"yoast_head":"<!-- This site is optimized with the Yoast SEO plugin v26.5 - https:\/\/yoast.com\/wordpress\/plugins\/seo\/ -->\n<title>\u00dcber uns - Versus Language Solutions GmbH<\/title>\n<meta name=\"robots\" content=\"noindex, follow, max-snippet:-1, max-image-preview:large, max-video-preview:-1\" \/>\n<meta property=\"og:locale\" content=\"de_DE\" \/>\n<meta property=\"og:type\" content=\"article\" \/>\n<meta property=\"og:title\" content=\"\u00dcber uns - Versus Language Solutions GmbH\" \/>\n<meta property=\"og:description\" content=\"Ihre Ansprechpartner sind: Daniela Giani Diplom-Dolmetscherin und Gesch\u00e4ftsf\u00fchrerin Seit \u00fcber 20 Jahren als Konferenzdolmetscherin f\u00fcr Italienisch erfolgreich am Markt t\u00e4tig, ist bei zahlreichen Dolmetscheins\u00e4tzen f\u00fcr VERSUS unterwegs, fungiert als Ansprechpartnerin f\u00fcr den Kunden auch vor Ort und leitet mit Begeisterung und Einsatzbereitschaft das Unternehmen. Waltraud Hellmann Leiterin Projektmanagement Mit ihrer sympathischen Art und ihrem fr\u00f6hlichen [&hellip;]\" \/>\n<meta property=\"og:url\" content=\"https:\/\/versus-ls.com\/de\/ueber-uns\/\" \/>\n<meta property=\"og:site_name\" content=\"Versus Language Solutions GmbH\" \/>\n<meta property=\"article:modified_time\" content=\"2019-04-27T15:08:26+00:00\" \/>\n<meta property=\"og:image\" content=\"http:\/\/wp-content\/uploads\/2019\/04\/empty-overlay.png\" \/>\n<meta name=\"twitter:card\" content=\"summary_large_image\" \/>\n<meta name=\"twitter:label1\" content=\"Gesch\u00e4tzte Lesezeit\" \/>\n\t<meta name=\"twitter:data1\" content=\"1\u00a0Minute\" \/>\n<script type=\"application\/ld+json\" class=\"yoast-schema-graph\">{\"@context\":\"https:\/\/schema.org\",\"@graph\":[{\"@type\":\"WebPage\",\"@id\":\"https:\/\/versus-ls.com\/de\/ueber-uns\/\",\"url\":\"https:\/\/versus-ls.com\/de\/ueber-uns\/\",\"name\":\"\u00dcber uns - Versus Language Solutions GmbH\",\"isPartOf\":{\"@id\":\"https:\/\/versus-ls.com\/de\/#website\"},\"datePublished\":\"2019-04-18T13:39:08+00:00\",\"dateModified\":\"2019-04-27T15:08:26+00:00\",\"breadcrumb\":{\"@id\":\"https:\/\/versus-ls.com\/de\/ueber-uns\/#breadcrumb\"},\"inLanguage\":\"de\",\"potentialAction\":[{\"@type\":\"ReadAction\",\"target\":[\"https:\/\/versus-ls.com\/de\/ueber-uns\/\"]}]},{\"@type\":\"BreadcrumbList\",\"@id\":\"https:\/\/versus-ls.com\/de\/ueber-uns\/#breadcrumb\",\"itemListElement\":[{\"@type\":\"ListItem\",\"position\":1,\"name\":\"Home\",\"item\":\"https:\/\/versus-ls.com\/de\/\"},{\"@type\":\"ListItem\",\"position\":2,\"name\":\"\u00dcber uns\"}]},{\"@type\":\"WebSite\",\"@id\":\"https:\/\/versus-ls.com\/de\/#website\",\"url\":\"https:\/\/versus-ls.com\/de\/\",\"name\":\"Versus Language Solutions GmbH\",\"description\":\"Agentur f\u00fcr Dolmetschdienstleistungen aus einer Hand\",\"potentialAction\":[{\"@type\":\"SearchAction\",\"target\":{\"@type\":\"EntryPoint\",\"urlTemplate\":\"https:\/\/versus-ls.com\/de\/?s={search_term_string}\"},\"query-input\":{\"@type\":\"PropertyValueSpecification\",\"valueRequired\":true,\"valueName\":\"search_term_string\"}}],\"inLanguage\":\"de\"}]}<\/script>\n<!-- \/ Yoast SEO plugin. -->","yoast_head_json":{"title":"\u00dcber uns - Versus Language Solutions GmbH","robots":{"index":"noindex","follow":"follow","max-snippet":"max-snippet:-1","max-image-preview":"max-image-preview:large","max-video-preview":"max-video-preview:-1"},"og_locale":"de_DE","og_type":"article","og_title":"\u00dcber uns - Versus Language Solutions GmbH","og_description":"Ihre Ansprechpartner sind: Daniela Giani Diplom-Dolmetscherin und Gesch\u00e4ftsf\u00fchrerin Seit \u00fcber 20 Jahren als Konferenzdolmetscherin f\u00fcr Italienisch erfolgreich am Markt t\u00e4tig, ist bei zahlreichen Dolmetscheins\u00e4tzen f\u00fcr VERSUS unterwegs, fungiert als Ansprechpartnerin f\u00fcr den Kunden auch vor Ort und leitet mit Begeisterung und Einsatzbereitschaft das Unternehmen. Waltraud Hellmann Leiterin Projektmanagement Mit ihrer sympathischen Art und ihrem fr\u00f6hlichen [&hellip;]","og_url":"https:\/\/versus-ls.com\/de\/ueber-uns\/","og_site_name":"Versus Language Solutions GmbH","article_modified_time":"2019-04-27T15:08:26+00:00","og_image":[{"url":"wp-content\/uploads\/2019\/04\/empty-overlay.png","type":"","width":"","height":""}],"twitter_card":"summary_large_image","twitter_misc":{"Gesch\u00e4tzte Lesezeit":"1\u00a0Minute"},"schema":{"@context":"https:\/\/schema.org","@graph":[{"@type":"WebPage","@id":"https:\/\/versus-ls.com\/de\/ueber-uns\/","url":"https:\/\/versus-ls.com\/de\/ueber-uns\/","name":"\u00dcber uns - Versus Language Solutions GmbH","isPartOf":{"@id":"https:\/\/versus-ls.com\/de\/#website"},"datePublished":"2019-04-18T13:39:08+00:00","dateModified":"2019-04-27T15:08:26+00:00","breadcrumb":{"@id":"https:\/\/versus-ls.com\/de\/ueber-uns\/#breadcrumb"},"inLanguage":"de","potentialAction":[{"@type":"ReadAction","target":["https:\/\/versus-ls.com\/de\/ueber-uns\/"]}]},{"@type":"BreadcrumbList","@id":"https:\/\/versus-ls.com\/de\/ueber-uns\/#breadcrumb","itemListElement":[{"@type":"ListItem","position":1,"name":"Home","item":"https:\/\/versus-ls.com\/de\/"},{"@type":"ListItem","position":2,"name":"\u00dcber uns"}]},{"@type":"WebSite","@id":"https:\/\/versus-ls.com\/de\/#website","url":"https:\/\/versus-ls.com\/de\/","name":"Versus Language Solutions GmbH","description":"Agentur f\u00fcr Dolmetschdienstleistungen aus einer Hand","potentialAction":[{"@type":"SearchAction","target":{"@type":"EntryPoint","urlTemplate":"https:\/\/versus-ls.com\/de\/?s={search_term_string}"},"query-input":{"@type":"PropertyValueSpecification","valueRequired":true,"valueName":"search_term_string"}}],"inLanguage":"de"}]}},"_links":{"self":[{"href":"https:\/\/versus-ls.com\/de\/wp-json\/wp\/v2\/pages\/136","targetHints":{"allow":["GET"]}}],"collection":[{"href":"https:\/\/versus-ls.com\/de\/wp-json\/wp\/v2\/pages"}],"about":[{"href":"https:\/\/versus-ls.com\/de\/wp-json\/wp\/v2\/types\/page"}],"author":[{"embeddable":true,"href":"https:\/\/versus-ls.com\/de\/wp-json\/wp\/v2\/users\/1"}],"replies":[{"embeddable":true,"href":"https:\/\/versus-ls.com\/de\/wp-json\/wp\/v2\/comments?post=136"}],"version-history":[{"count":11,"href":"https:\/\/versus-ls.com\/de\/wp-json\/wp\/v2\/pages\/136\/revisions"}],"predecessor-version":[{"id":238,"href":"https:\/\/versus-ls.com\/de\/wp-json\/wp\/v2\/pages\/136\/revisions\/238"}],"wp:attachment":[{"href":"https:\/\/versus-ls.com\/de\/wp-json\/wp\/v2\/media?parent=136"}],"curies":[{"name":"wp","href":"https:\/\/api.w.org\/{rel}","templated":true}]}}